{"id":9,"date":"2025-09-05T10:29:14","date_gmt":"2025-09-05T10:29:14","guid":{"rendered":"https:\/\/www.computer-kellner.de\/?page_id=9"},"modified":"2025-09-05T12:22:26","modified_gmt":"2025-09-05T12:22:26","slug":"homepage","status":"publish","type":"page","link":"https:\/\/www.computer-kellner.de\/","title":{"rendered":"Homepage"},"content":{"rendered":"\t\t<div data-elementor-type=\"wp-page\" data-elementor-id=\"9\" class=\"elementor elementor-9\">\n\t\t\t\t<div class=\"elementor-element elementor-element-f016acd e-flex e-con-boxed e-con e-parent\" data-id=\"f016acd\" data-element_type=\"container\">\n\t\t\t\t\t<div class=\"e-con-inner\">\n\t\t\t\t<div class=\"elementor-element elementor-element-387d388d elementor-widget elementor-widget-text-editor\" data-id=\"387d388d\" data-element_type=\"widget\" data-widget_type=\"text-editor.default\">\n\t\t\t\t\t\t\t\t\t<p>\u00a0<\/p>\n<p><\/p>\n<div class=\"wp-block-cover alignfull is-light\" style=\"min-height: 100vh;aspect-ratio:unset;\">\n<p><video class=\"wp-block-cover__video-background intrinsic-ignore\" src=\"https:\/\/demo.wpzoom.com\/inspiro-lite\/files\/2022\/03\/Pexels-Videos-1409899-1.mp4\" autoplay=\"autoplay\" loop=\"loop\" muted=\"\" width=\"300\" height=\"150\" data-object-fit=\"cover\"><\/video><\/p>\n<div class=\"wp-block-cover__inner-container has-global-padding is-layout-constrained wp-block-cover-is-layout-constrained\">\n<p><\/p>\n<p class=\"has-text-align-center has-white-color has-text-color has-max-60-font-size\" style=\"font-style: normal; font-weight: 900; line-height: 1.2;\">Meine Ziele<\/p>\n<p><\/p>\n<p class=\"has-text-align-center has-white-color has-text-color has-medium-font-size\">sind ein langfristiges, entspanntes und famili\u00e4reres Zusammen. An oberster Stelle steht das Vertrauen und die Ehrlichkeit. Diese Werte gebe ich als Versprechen meinerseits und erwarte diese von meinen Kunden. Denn das ist der N\u00e4hrboden f\u00fcr meine Ziele.<\/p>\n<p><\/p>\n<div class=\"wp-block-spacer\" style=\"height: 55px;\" aria-hidden=\"true\">\u00a0<\/div>\n<p><\/p>\n<div class=\"wp-block-buttons is-content-justification-center is-layout-flex wp-container-core-buttons-is-layout-a89b3969 wp-block-buttons-is-layout-flex\">\n<p><\/p>\n<div class=\"wp-block-button is-style-outline is-style-outline--2\"><a class=\"wp-block-button__link wp-element-button\" style=\"border-radius: 0px;\" href=\"https:\/\/www.computer-kellner.de\/index.php\/profil\/\">ABOUT ME<\/a><\/div>\n<\/div>\n<\/div>\n<\/div>\n<div class=\"wp-block-group\">\n<p><\/p>\n<div class=\"wp-block-spacer\" style=\"height: 57px;\" aria-hidden=\"true\">\u00a0<\/div>\n<p><\/p>\n<\/div>\n<p><\/p>\n<div id=\"services\" class=\"wp-block-group alignfull pattern_multiple_covers has-background has-global-padding is-layout-constrained wp-block-group-is-layout-constrained\">\n<p><\/p>\n<div class=\"wp-block-spacer\" style=\"height: 84px;\" aria-hidden=\"true\">\u00a0<\/div>\n<p><\/p>\n<p class=\"has-text-align-left has-secondary-color has-text-color\" style=\"letter-spacing: 1px;\">LET&#8217;S WORK TOGETHER!<\/p>\n<p><\/p>\n<h2 class=\"wp-block-heading has-text-align-left\">Mein Services<\/h2>\n<p><\/p>\n<p class=\"has-text-align-left\">Computerservice Norbert Kellner ist ein kleines Unternehmen das sich, als Nebent\u00e4tigkeit,seit nunmehr \u00fcber 20 Jahren durch den IT-Dschungel schl\u00e4gt und im graphischen Gewerbe seine T\u00e4tigkeit aufnahm.<br \/>Unsere Kompetenz st\u00fctzt sich auf mehrj\u00e4hrige Erfahrung im Auf- und Ausbau von Systemen in der Druckvorstufe. Das beinhaltet die Zentralisierung der Daten genau so wie die Weiterverarbeitung. Durch die immer notwendiger werdenden Kontrollm\u00f6glichkeit durch Proof-Drucke konnte ich sehr tiefe Einblicke gewinnen und Erfahrungen im Large Format Print inklusive Veredelung (Laminierung\/Kaschierung) sammeln.<br \/>Die Betriebssystemen MacOS und Windows sind das t\u00e4glich Brot. Dazu erschlie\u00dft sich die Vernetzung der Workstations unter einander und Anbindung an einen Server. Wie auch das einrichten von Interzug\u00e4ngen, Firewalls und Routern. Um eine m\u00f6glichst hohe Datensicherheit zu gew\u00e4hrleisten wurden die Daten mit einem Backupsystem (-l\u00f6sung) gesichert.<br \/>Dazu addiert sich unser Wissen und der Umgang mit Trommelscannern der Firma Scan View und Flachbettscannern von Umax und Microtek. Au\u00dferdem bieten wir professionelle Unterst\u00fctzung bei RIP-Fragen.<br \/>Wir bieten Ihnen professionelle Hilfe beim Umgang mit Farbmanagement. Nutzen Sie unsere Erfahrung bei der Erstellung sowie dem Einsatz von ICC-Profilen und der Optimierung des Workflows.<\/p>\n<p>Das biete ich:<br \/>1) Aufr\u00fcsten der Rechnersysteme \/ Neuinstallation<br \/>&#8230;&#8230;&#8230;.. * Apple Macintosh<br \/>&#8230;&#8230;&#8230;.. * PC-Systeme<br \/>&#8230;&#8230;&#8230;.. * Server<br \/>&#8230;&#8230;&#8230;.. * Raid<\/p>\n<p>2) Ausbau und Optimierung des Netzwerkes (DNS, DHCP, Router, Switch, Verkabelung, &#8230;)<br \/>3) Schulung im Farbmanagement (Theorie und praktische Ausf\u00fchrung)<br \/>4) Konvertierung und Aufbereiten von Daten (z. B. Adressen)<br \/>5) Administrative Hilfe bei Fragen zu System und Hardware<br \/>&#8230;&#8230;&#8230;.. * Mac OS, Windows XP, Windows7, Server2003 &#8211; 2008R2<br \/>&#8230;&#8230;&#8230;.. * Apple Hardware<br \/>&#8230;&#8230;&#8230;.. * PC-Systeme<br \/>&#8230;&#8230;&#8230;.. * EFI Best ColorProof \/ Designer<br \/>&#8230;&#8230;&#8230;.. * Harlequin basierende RIPs (Raster Image Prozessor)<br \/>&#8230;&#8230;&#8230;.. * RIP (Raster Image Prozessor)<br \/>&#8230;&#8230;&#8230;.. * Displays<\/p>\n<p>6) Kalibration der Ger\u00e4te in Verbindung mit ICC ( unter Vorbehalt)<\/p>\n<\/div>\n<div class=\"wp-block-group alignfull\">\n<div class=\"wp-block-group\" style=\"padding-top: var(--wp--preset--spacing--small); padding-bottom: var(--wp--preset--spacing--small);\">\n<div class=\"wp-block-columns\">\n<div class=\"wp-block-column\">\n<p><\/p>\n<\/div>\n<p><\/p>\n<\/div>\n<p><\/p>\n<\/div>\n<\/div>\n<div id=\"team\" class=\"wp-block-group\">\n<div class=\"wp-block-group\">\n<div class=\"wp-block-spacer\" style=\"height: 81px;\" aria-hidden=\"true\">\n<div class=\"wp-block-cover alignfull has-parallax is-position-center-center\" style=\"border-radius: 0px;\">\n<div class=\"wp-block-cover__inner-container\">\n<div class=\"wp-block-group\">\n<div class=\"wp-block-buttons\">\n<div class=\"wp-block-button is-style-outline\"><a class=\"wp-block-button__link has-white-color has-text-color wp-element-button\" style=\"border-radius: 0px;\" href=\"https:\/\/www.computer-kellner.de\/index.php\/kontakt-2\/\">Kontakt<\/a><\/div>\n<p><\/p>\n<\/div>\n<p><!-- \/wp:buttons --><\/p>\n<\/div>\n<p><!-- \/wp:group --><\/p>\n<\/div>\n<\/div>\n<p><!-- \/wp:cover --><!-- wp:group {\"layout\":{\"type\":\"constrained\"}} --><\/p>\n<div id=\"news\" class=\"wp-block-group\">\n<p><!-- wp:spacer {\"height\":\"108px\"} --><\/p>\n<div class=\"wp-block-query\">\u00a0<\/div>\n<\/div>\n<\/div>\n<p><!-- \/wp:spacer --><\/p>\n<\/div>\n<p><!-- \/wp:group --><\/p>\n<\/div>\n<p><!-- \/wp:group --><!-- wp:cover {\"url\":\"https:\/\/www.computer-kellner.de\/wp-content\/themes\/inspiro\/assets\/images\/StockSnap_M6D1GS9PSL.jpg\",\"id\":24,\"hasParallax\":true,\"dimRatio\":40,\"overlayColor\":\"black\",\"minHeightUnit\":\"px\",\"contentPosition\":\"center center\",\"align\":\"full\",\"style\":{\"border\":{\"radius\":\"0px\"}},\"className\":\"is-position-center-center\"} --><\/p>\n<div class=\"wp-block-cover alignfull has-parallax is-position-center-center\" style=\"border-radius: 0px;\">\n<div class=\"wp-block-cover__image-background wp-image-24 has-parallax\" style=\"background-position: 50% 50%; background-image: url('https:\/\/www.computer-kellner.de\/wp-content\/themes\/inspiro\/assets\/images\/StockSnap_M6D1GS9PSL.jpg');\" role=\"img\">\u00a0<\/div>\n<\/div>\n<p><!-- \/wp:group --><\/p>\t\t\t\t\t\t\t\t<\/div>\n\t\t\t\t\t<\/div>\n\t\t\t\t<\/div>\n\t\t\t\t<\/div>\n\t\t","protected":false},"excerpt":{"rendered":"<p>\u00a0 \u00a0 \u00a0<\/p>\n","protected":false},"author":1,"featured_media":0,"parent":0,"menu_order":0,"comment_status":"closed","ping_status":"closed","template":"page-templates\/homepage-builder-bb.php","meta":{"footnotes":""},"class_list":["post-9","page","type-page","status-publish","hentry"],"_links":{"self":[{"href":"https:\/\/www.computer-kellner.de\/index.php\/wp-json\/wp\/v2\/pages\/9","targetHints":{"allow":["GET"]}}],"collection":[{"href":"https:\/\/www.computer-kellner.de\/index.php\/wp-json\/wp\/v2\/pages"}],"about":[{"href":"https:\/\/www.computer-kellner.de\/index.php\/wp-json\/wp\/v2\/types\/page"}],"author":[{"embeddable":true,"href":"https:\/\/www.computer-kellner.de\/index.php\/wp-json\/wp\/v2\/users\/1"}],"replies":[{"embeddable":true,"href":"https:\/\/www.computer-kellner.de\/index.php\/wp-json\/wp\/v2\/comments?post=9"}],"version-history":[{"count":16,"href":"https:\/\/www.computer-kellner.de\/index.php\/wp-json\/wp\/v2\/pages\/9\/revisions"}],"predecessor-version":[{"id":83,"href":"https:\/\/www.computer-kellner.de\/index.php\/wp-json\/wp\/v2\/pages\/9\/revisions\/83"}],"wp:attachment":[{"href":"https:\/\/www.computer-kellner.de\/index.php\/wp-json\/wp\/v2\/media?parent=9"}],"curies":[{"name":"wp","href":"https:\/\/api.w.org\/{rel}","templated":true}]}}