{"id":66,"date":"2025-09-05T12:09:40","date_gmt":"2025-09-05T12:09:40","guid":{"rendered":"https:\/\/www.computer-kellner.de\/?page_id=66"},"modified":"2025-09-05T12:14:48","modified_gmt":"2025-09-05T12:14:48","slug":"profil","status":"publish","type":"page","link":"https:\/\/www.computer-kellner.de\/index.php\/profil\/","title":{"rendered":"Profil"},"content":{"rendered":"\t\t<div data-elementor-type=\"wp-page\" data-elementor-id=\"66\" class=\"elementor elementor-66\">\n\t\t\t\t<div class=\"elementor-element elementor-element-ba0d656 e-flex e-con-boxed e-con e-parent\" data-id=\"ba0d656\" data-element_type=\"container\">\n\t\t\t\t\t<div class=\"e-con-inner\">\n\t\t\t\t<div class=\"elementor-element elementor-element-8dc7f87 elementor-widget elementor-widget-heading\" data-id=\"8dc7f87\" data-element_type=\"widget\" data-widget_type=\"heading.default\">\n\t\t\t\t\t<h2 class=\"elementor-heading-title elementor-size-default\">Das bin ich<\/h2>\t\t\t\t<\/div>\n\t\t\t\t<div class=\"elementor-element elementor-element-2b1de60 elementor-widget elementor-widget-image\" data-id=\"2b1de60\" data-element_type=\"widget\" data-widget_type=\"image.default\">\n\t\t\t\t\t\t\t\t\t\t\t\t\t\t\t<img decoding=\"async\" width=\"105\" height=\"142\" src=\"https:\/\/www.computer-kellner.de\/wp-content\/uploads\/2025\/09\/norbert.gif\" class=\"attachment-large size-large wp-image-68\" alt=\"\" sizes=\"100vw\" \/>\t\t\t\t\t\t\t\t\t\t\t\t\t\t\t<\/div>\n\t\t\t\t\t<\/div>\n\t\t\t\t<\/div>\n\t\t<div class=\"elementor-element elementor-element-dc2259d e-flex e-con-boxed e-con e-parent\" data-id=\"dc2259d\" data-element_type=\"container\">\n\t\t\t\t\t<div class=\"e-con-inner\">\n\t\t\t\t<div class=\"elementor-element elementor-element-cb47e53 elementor-widget elementor-widget-text-editor\" data-id=\"cb47e53\" data-element_type=\"widget\" data-widget_type=\"text-editor.default\">\n\t\t\t\t\t\t\t\t\t<p><strong>Norbert Kellner<\/strong><\/p><p><strong>Inhaber der Firma Computerservice NK<\/strong><\/p><p>Meiner Erfahrungen liegen im Gebiet der Hardwarebetreuung im speziellen der Druckvorstufe. Dazu z\u00e4hlt die Wartung genauso wie das Integrieren von neuen Komponenten. Hierbei ist f\u00fcr mich die Optimierung das Arbeitsablaufes entscheidend. Ich sehe es als meine Aufgabe die bestehenden Ger\u00e4te soweit gew\u00fcnscht weiter zu verwenden, evtl aufzur\u00fcsten und sollte das nicht mehr rentablen sein erst den Austausch des Systems vorzunehmen. Nicht nur Hardware auch die dazugeh\u00f6rigen Betriebssystem werden von mir betreut, installiert und gewartet. Gerne stehe ich jederzeit mit Rat zur Seite, gebe Einweisungen und Schulungen. Es ist f\u00fcr mich sehr wichtig die Entscheidung meines Auftraggebers zu achten.<\/p><p><strong>Meine Ziele<\/strong><\/p><p>sind ein langfristiges, entspanntes und famili\u00e4reres Zusammen. An oberster Stelle steht das Vertrauen und die Ehrlichkeit. Diese Werte gebe ich als Versprechen meinerseits und erwarte diese von meinen Kunden. Denn das ist der N\u00e4hrboden f\u00fcr meine Ziele.<\/p>\t\t\t\t\t\t\t\t<\/div>\n\t\t\t\t\t<\/div>\n\t\t\t\t<\/div>\n\t\t\t\t<\/div>\n\t\t","protected":false},"excerpt":{"rendered":"<p>Das bin ich Norbert Kellner Inhaber der Firma Computerservice NK Meiner Erfahrungen liegen im Gebiet der Hardwarebetreuung im speziellen der Druckvorstufe. Dazu z\u00e4hlt die Wartung genauso wie das Integrieren von neuen Komponenten. Hierbei ist f\u00fcr mich die Optimierung das Arbeitsablaufes entscheidend. Ich sehe es als meine Aufgabe die bestehenden Ger\u00e4te soweit gew\u00fcnscht weiter zu verwenden, &hellip; <\/p>\n<p class=\"link-more\"><a href=\"https:\/\/www.computer-kellner.de\/index.php\/profil\/\" class=\"more-link\">Mehr <span class=\"screen-reader-text\">\u00fcber &#8222;Profil&#8220; <\/span>Lesen<\/a><\/p>\n","protected":false},"author":1,"featured_media":7,"parent":0,"menu_order":0,"comment_status":"closed","ping_status":"closed","template":"","meta":{"footnotes":""},"class_list":["post-66","page","type-page","status-publish","has-post-thumbnail","hentry"],"_links":{"self":[{"href":"https:\/\/www.computer-kellner.de\/index.php\/wp-json\/wp\/v2\/pages\/66","targetHints":{"allow":["GET"]}}],"collection":[{"href":"https:\/\/www.computer-kellner.de\/index.php\/wp-json\/wp\/v2\/pages"}],"about":[{"href":"https:\/\/www.computer-kellner.de\/index.php\/wp-json\/wp\/v2\/types\/page"}],"author":[{"embeddable":true,"href":"https:\/\/www.computer-kellner.de\/index.php\/wp-json\/wp\/v2\/users\/1"}],"replies":[{"embeddable":true,"href":"https:\/\/www.computer-kellner.de\/index.php\/wp-json\/wp\/v2\/comments?post=66"}],"version-history":[{"count":4,"href":"https:\/\/www.computer-kellner.de\/index.php\/wp-json\/wp\/v2\/pages\/66\/revisions"}],"predecessor-version":[{"id":71,"href":"https:\/\/www.computer-kellner.de\/index.php\/wp-json\/wp\/v2\/pages\/66\/revisions\/71"}],"wp:featuredmedia":[{"embeddable":true,"href":"https:\/\/www.computer-kellner.de\/index.php\/wp-json\/wp\/v2\/media\/7"}],"wp:attachment":[{"href":"https:\/\/www.computer-kellner.de\/index.php\/wp-json\/wp\/v2\/media?parent=66"}],"curies":[{"name":"wp","href":"https:\/\/api.w.org\/{rel}","templated":true}]}}